{"id":21,"date":"2018-06-28T22:50:49","date_gmt":"2018-06-29T01:50:49","guid":{"rendered":"http:\/\/bcmpacks.com.ar\/?page_id=21"},"modified":"2019-02-20T18:25:45","modified_gmt":"2019-02-20T21:25:45","slug":"la-empresa","status":"publish","type":"page","link":"https:\/\/bcmpacks.com.ar\/index.php\/la-empresa\/","title":{"rendered":"La empresa"},"content":{"rendered":"<p align=\"justify\">Con m\u00e1s de treinta a\u00f1os en el mercado Bacumsa se ha ganado su prestigio a fuerza de desarrollo e innovaci\u00f3n en cada una de las \u00e1reas que desarroll\u00f3, todas ellas vinculadas con la manufactura con sustratos pl\u00e1sticos flexibles y r\u00edgidos.<\/p>\n<p align=\"justify\">\n<p align=\"justify\">Actualmente completa una amplia oferta de dise\u00f1o en su \u00e1rea de estuches, sobres y bolsas de PVC flexible que se fabrican integramente en sus instalaciones, lo que asegura un control constante de calidad y tiempos de entrega.<\/p>\n<p align=\"justify\">\n<p align=\"justify\">Bacumsa nace como empresa dedicada al modeo por vac\u00edo de piezas industriales, llevando al l\u00edmite las posibilidades de la t\u00e9cnica con lo que gan\u00f3 la preferencia del mercado.<\/p>\n<p align=\"justify\">\n<p align=\"justify\">Para el rubro textil, adem\u00e1s de sus art\u00edculos para packaging, produce exhibidores para punto de venta de prendas para ni\u00f1os, damas y caballeros,<\/p>\n<p align=\"justify\">\n<p align=\"justify\">Bacumsa pone a su disposici\u00f3n toda su experiencia para asesorarlo de la mejor manera.<\/p>\n","protected":false},"excerpt":{"rendered":"<p>Con m\u00e1s de treinta a\u00f1os en el mercado Bacumsa se ha ganado su prestigio a fuerza de desarrollo e innovaci\u00f3n en cada una de las \u00e1reas que desarroll\u00f3, todas ellas vinculadas con la manufactura con sustratos<a class=\"main-btn main-btn-primary main-btn-small moretag\" href=\"https:\/\/bcmpacks.com.ar\/index.php\/la-empresa\/\"> 25<\/a><\/p>\n","protected":false},"author":1,"featured_media":0,"parent":0,"menu_order":0,"comment_status":"closed","ping_status":"closed","template":"","meta":{"footnotes":""},"class_list":["post-21","page","type-page","status-publish","hentry","show-image"],"_links":{"self":[{"href":"https:\/\/bcmpacks.com.ar\/index.php\/wp-json\/wp\/v2\/pages\/21","targetHints":{"allow":["GET"]}}],"collection":[{"href":"https:\/\/bcmpacks.com.ar\/index.php\/wp-json\/wp\/v2\/pages"}],"about":[{"href":"https:\/\/bcmpacks.com.ar\/index.php\/wp-json\/wp\/v2\/types\/page"}],"author":[{"embeddable":true,"href":"https:\/\/bcmpacks.com.ar\/index.php\/wp-json\/wp\/v2\/users\/1"}],"replies":[{"embeddable":true,"href":"https:\/\/bcmpacks.com.ar\/index.php\/wp-json\/wp\/v2\/comments?post=21"}],"version-history":[{"count":2,"href":"https:\/\/bcmpacks.com.ar\/index.php\/wp-json\/wp\/v2\/pages\/21\/revisions"}],"predecessor-version":[{"id":634,"href":"https:\/\/bcmpacks.com.ar\/index.php\/wp-json\/wp\/v2\/pages\/21\/revisions\/634"}],"wp:attachment":[{"href":"https:\/\/bcmpacks.com.ar\/index.php\/wp-json\/wp\/v2\/media?parent=21"}],"curies":[{"name":"wp","href":"https:\/\/api.w.org\/{rel}","templated":true}]}}